{"id":207,"date":"2026-04-24T13:10:05","date_gmt":"2026-04-24T13:10:05","guid":{"rendered":"https:\/\/hositirol.at\/?page_id=207"},"modified":"2026-04-24T13:18:43","modified_gmt":"2026-04-24T13:18:43","slug":"impressum","status":"publish","type":"page","link":"https:\/\/hositirol.at\/?page_id=207","title":{"rendered":"Impressum"},"content":{"rendered":"\t\t<div data-elementor-type=\"wp-page\" data-elementor-id=\"207\" class=\"elementor elementor-207\">\n\t\t\t\t<div class=\"elementor-element elementor-element-336b5dad e-flex e-con-boxed e-con e-parent\" data-id=\"336b5dad\" data-element_type=\"container\" data-e-type=\"container\">\n\t\t\t\t\t<div class=\"e-con-inner\">\n\t\t\t\t<div class=\"elementor-element elementor-element-26a0e0e7 elementor-widget elementor-widget-text-editor\" data-id=\"26a0e0e7\" data-element_type=\"widget\" data-e-type=\"widget\" data-widget_type=\"text-editor.default\">\n\t\t\t\t\t\t\t\t\t\n<h2 class=\"wp-block-heading\">Impressum<\/h2>\n\n<blockquote class=\"wp-block-quote is-layout-flow wp-block-quote-is-layout-flow\">\n<h2 class=\"wp-block-heading\">Angaben gem\u00e4\u00df \u00a7 5 ECG, \u00a7 24 Mediengesetz und Offenlegungspflicht<\/h2>\n<\/blockquote>\n\n<h3 class=\"wp-block-heading\">Herausgeber und Medieninhaber<\/h3>\n\n<p>HOSI Tirol<br \/>Homosexuelle Initiative Tirol (HOSI Tirol)<br \/>ZVR-Zahl: 071298153<\/p>\n\n<p>Anschrift:<br \/>Kapuzinergasse 43<br \/>6020 Innsbruck<br \/>\u00d6sterreich<\/p>\n\n<p>Telefon:<br \/>06605502062<\/p>\n\n<p>E-Mail:<br \/><a href=\"mailto:office@hositirol.at\">office@hositirol.at<\/a><\/p>\n\n<p>Web:<br \/>hositirol.at<\/p>\n\n<h3 class=\"wp-block-heading\">Vertretungsberechtigter Vorstand<\/h3>\n\n<ul class=\"wp-block-list\">\n<li>Obmann: Jayjay Kaiser<\/li>\n\n<li>Finanzreferent: Alexander Reimann<\/li>\n\n<li>Organisationsreferent: Artus Jentsch<\/li>\n<\/ul>\n\n<h3 class=\"wp-block-heading\">Vereinszweck<\/h3>\n\n<p>Die HOSI Tirol ist ein parteipolitisch unabh\u00e4ngiger, \u00fcberparteilicher und gemeinn\u00fctziger Verein zur F\u00f6rderung der Gleichstellung, Sichtbarkeit, Beratung und Unterst\u00fctzung von lesbischen, schwulen, bisexuellen, trans*, inter* sowie queeren Menschen in Tirol. Ziel des Vereins ist die Schaffung eines sicheren, diskriminierungsfreien und respektvollen gesellschaftlichen Umfeldes sowie die Durchf\u00fchrung von Informations-, Beratungs-, Kultur- und Communityprojekten.<\/p>\n\n<h3 class=\"wp-block-heading\">Grundlegende Richtung des Mediums<\/h3>\n\n<p>Diese Website dient der Information \u00fcber die T\u00e4tigkeiten, Veranstaltungen, Beratungsangebote, Projekte und Zielsetzungen der HOSI Tirol sowie der F\u00f6rderung von Aufkl\u00e4rung, Gleichstellung und gesellschaftlicher Akzeptanz von LGBTQIA+ Personen.<\/p>\n\n<h3 class=\"wp-block-heading\">Redaktionell verantwortlich<\/h3>\n\n<p>Jayjay Kaiser und Artus Jentsch<br \/><a href=\"mailto:office@hositirol.at\">office@hositirol.at<\/a><\/p>\n\n<h3 class=\"wp-block-heading\">Haftung f\u00fcr Inhalte<\/h3>\n\n<p>Die Inhalte dieser Website wurden mit gr\u00f6\u00dftm\u00f6glicher Sorgfalt erstellt. F\u00fcr die Richtigkeit, Vollst\u00e4ndigkeit und Aktualit\u00e4t der Inhalte kann jedoch keine Gew\u00e4hr \u00fcbernommen werden.<\/p>\n\n<h3 class=\"wp-block-heading\">Haftung f\u00fcr Links<\/h3>\n\n<p>Diese Website enth\u00e4lt Links zu externen Websites Dritter, auf deren Inhalte kein Einfluss besteht. F\u00fcr diese fremden Inhalte wird daher keine Haftung \u00fcbernommen. F\u00fcr die Inhalte der verlinkten Seiten ist stets der jeweilige Anbieter oder Betreiber der Seiten verantwortlich.<\/p>\n\n<h3 class=\"wp-block-heading\">Urheberrecht<\/h3>\n\n<p>Die auf dieser Website ver\u00f6ffentlichten Inhalte, Texte, Bilder, Grafiken und Dateien unterliegen dem Urheberrecht. Eine Verwendung, Vervielf\u00e4ltigung oder Weitergabe ist nur mit ausdr\u00fccklicher schriftlicher Zustimmung der HOSI Tirol zul\u00e4ssig, sofern gesetzlich nichts anderes vorgesehen ist.<\/p>\n\n<h3 class=\"wp-block-heading\">Streitbeilegung<\/h3>\n\n<p>Verbraucher haben die M\u00f6glichkeit, Beschwerden an die Online-Streitbeilegungsplattform der EU zu richten:<\/p>\n\n<p>Sie k\u00f6nnen allf\u00e4llige Beschwerden auch an die oben angegebene E-Mail-Adresse richten.<\/p>\n\t\t\t\t\t\t\t\t<\/div>\n\t\t\t\t\t<\/div>\n\t\t\t\t<\/div>\n\t\t\t\t<\/div>\n\t\t","protected":false},"excerpt":{"rendered":"<p>Impressum Angaben gem\u00e4\u00df \u00a7 5 ECG, \u00a7 24 Mediengesetz und Offenlegungspflicht Herausgeber und Medieninhaber HOSI TirolHomosexuelle Initiative Tirol (HOSI Tirol)ZVR-Zahl: [&hellip;]<\/p>\n","protected":false},"author":1,"featured_media":0,"parent":0,"menu_order":0,"comment_status":"closed","ping_status":"closed","template":"","meta":{"site-sidebar-layout":"default","site-content-layout":"","ast-site-content-layout":"default","site-content-style":"default","site-sidebar-style":"default","ast-global-header-display":"","ast-banner-title-visibility":"","ast-main-header-display":"","ast-hfb-above-header-display":"","ast-hfb-below-header-display":"","ast-hfb-mobile-header-display":"","site-post-title":"disabled","ast-breadcrumbs-content":"","ast-featured-img":"","footer-sml-layout":"","ast-disable-related-posts":"","theme-transparent-header-meta":"","adv-header-id-meta":"","stick-header-meta":"","header-above-stick-meta":"","header-main-stick-meta":"","header-below-stick-meta":"","astra-migrate-meta-layouts":"default","ast-page-background-enabled":"default","ast-page-background-meta":{"desktop":{"background-color":"var(--ast-global-color-5)","background-image":"","background-repeat":"repeat","background-position":"center center","background-size":"auto","background-attachment":"scroll","background-type":"","background-media":"","overlay-type":"","overlay-color":"","overlay-opacity":"","overlay-gradient":""},"tablet":{"background-color":"","background-image":"","background-repeat":"repeat","background-position":"center center","background-size":"auto","background-attachment":"scroll","background-type":"","background-media":"","overlay-type":"","overlay-color":"","overlay-opacity":"","overlay-gradient":""},"mobile":{"background-color":"","background-image":"","background-repeat":"repeat","background-position":"center center","background-size":"auto","background-attachment":"scroll","background-type":"","background-media":"","overlay-type":"","overlay-color":"","overlay-opacity":"","overlay-gradient":""}},"ast-content-background-meta":{"desktop":{"background-color":"var(--ast-global-color-4)","background-image":"","background-repeat":"repeat","background-position":"center center","background-size":"auto","background-attachment":"scroll","background-type":"","background-media":"","overlay-type":"","overlay-color":"","overlay-opacity":"","overlay-gradient":""},"tablet":{"background-color":"var(--ast-global-color-4)","background-image":"","background-repeat":"repeat","background-position":"center center","background-size":"auto","background-attachment":"scroll","background-type":"","background-media":"","overlay-type":"","overlay-color":"","overlay-opacity":"","overlay-gradient":""},"mobile":{"background-color":"var(--ast-global-color-4)","background-image":"","background-repeat":"repeat","background-position":"center center","background-size":"auto","background-attachment":"scroll","background-type":"","background-media":"","overlay-type":"","overlay-color":"","overlay-opacity":"","overlay-gradient":""}},"footnotes":""},"class_list":["post-207","page","type-page","status-publish","hentry"],"_links":{"self":[{"href":"https:\/\/hositirol.at\/index.php?rest_route=\/wp\/v2\/pages\/207","targetHints":{"allow":["GET"]}}],"collection":[{"href":"https:\/\/hositirol.at\/index.php?rest_route=\/wp\/v2\/pages"}],"about":[{"href":"https:\/\/hositirol.at\/index.php?rest_route=\/wp\/v2\/types\/page"}],"author":[{"embeddable":true,"href":"https:\/\/hositirol.at\/index.php?rest_route=\/wp\/v2\/users\/1"}],"replies":[{"embeddable":true,"href":"https:\/\/hositirol.at\/index.php?rest_route=%2Fwp%2Fv2%2Fcomments&post=207"}],"version-history":[{"count":4,"href":"https:\/\/hositirol.at\/index.php?rest_route=\/wp\/v2\/pages\/207\/revisions"}],"predecessor-version":[{"id":213,"href":"https:\/\/hositirol.at\/index.php?rest_route=\/wp\/v2\/pages\/207\/revisions\/213"}],"wp:attachment":[{"href":"https:\/\/hositirol.at\/index.php?rest_route=%2Fwp%2Fv2%2Fmedia&parent=207"}],"curies":[{"name":"wp","href":"https:\/\/api.w.org\/{rel}","templated":true}]}}